{"id":77657,"date":"2021-04-27T09:00:25","date_gmt":"2021-04-27T12:00:25","guid":{"rendered":"https:\/\/www.supercinemaup.com\/?page_id=77657"},"modified":"2021-10-05T23:49:27","modified_gmt":"2021-10-06T02:49:27","slug":"trailers-up","status":"publish","type":"page","link":"https:\/\/www.cinemaup.com.br\/en\/trailers-up\/","title":{"rendered":"TRAILERS UP"},"content":{"rendered":"<div class=\"wp-block-columns is-layout-flex wp-container-core-columns-is-layout-1 wp-block-columns-is-layout-flex\">\n<div class=\"wp-block-column is-layout-flow wp-block-column-is-layout-flow\" style=\"flex-basis:25%\">\n<p> <\/p>\n<\/div>\n\n\n\n<div class=\"wp-block-column is-layout-flow wp-block-column-is-layout-flow\" style=\"flex-basis:50%\"><\/div>\n\n\n\n<div class=\"wp-block-column is-layout-flow wp-block-column-is-layout-flow\" style=\"flex-basis:25%\">\n<p> <\/p>\n<\/div>\n<\/div>\n\n\n\n<h2 class=\"has-text-align-center wp-block-heading\">Os trailers das maiores produ\u00e7\u00f5es do ano, reunidos em um s\u00f3 lugar!<\/h2>\n\n\n\n<div class=\"wp-block-columns is-layout-flex wp-container-core-columns-is-layout-2 wp-block-columns-is-layout-flex\">\n<div class=\"wp-block-column is-layout-flow wp-block-column-is-layout-flow\" style=\"flex-basis:25%\">\n<p> <\/p>\n<\/div>\n\n\n\n<div class=\"wp-block-column is-layout-flow wp-block-column-is-layout-flow\" style=\"flex-basis:50%\"><\/div>\n\n\n\n<div class=\"wp-block-column is-layout-flow wp-block-column-is-layout-flow\" style=\"flex-basis:25%\">\n<p> <\/p>\n<\/div>\n<\/div>\n\n\n<p>[embedyt] https:\/\/www.youtube.com\/embed?listType=playlist&amp;list=PLONnFPGiw7rTiiLruidXf6ixqyVaFIqp4&amp;layout=gallery[\/embedyt]<\/p>\n\n\n\n<script async=\"\" src=\"https:\/\/pagead2.googlesyndication.com\/pagead\/js\/adsbygoogle.js\"><\/script>\n<!-- TRAILERS_ADS -->\n<ins class=\"adsbygoogle\" style=\"display:block\" data-ad-client=\"ca-pub-1889099417289372\" data-ad-slot=\"6425609604\" data-ad-format=\"auto\" data-full-width-responsive=\"true\"><\/ins>\n<script>\n     (adsbygoogle = window.adsbygoogle || []).push({});\n<\/script>","protected":false},"excerpt":{"rendered":"<p>Os trailers das maiores produ\u00e7\u00f5es do ano, reunidos em um s\u00f3 lugar!<\/p>","protected":false},"author":48,"featured_media":77659,"parent":0,"menu_order":0,"comment_status":"closed","ping_status":"closed","template":"","meta":{"_exactmetrics_skip_tracking":false,"_exactmetrics_sitenote_active":false,"_exactmetrics_sitenote_note":"","_exactmetrics_sitenote_category":0,"footnotes":""},"_links":{"self":[{"href":"https:\/\/www.cinemaup.com.br\/en\/wp-json\/wp\/v2\/pages\/77657"}],"collection":[{"href":"https:\/\/www.cinemaup.com.br\/en\/wp-json\/wp\/v2\/pages"}],"about":[{"href":"https:\/\/www.cinemaup.com.br\/en\/wp-json\/wp\/v2\/types\/page"}],"author":[{"embeddable":true,"href":"https:\/\/www.cinemaup.com.br\/en\/wp-json\/wp\/v2\/users\/48"}],"replies":[{"embeddable":true,"href":"https:\/\/www.cinemaup.com.br\/en\/wp-json\/wp\/v2\/comments?post=77657"}],"version-history":[{"count":10,"href":"https:\/\/www.cinemaup.com.br\/en\/wp-json\/wp\/v2\/pages\/77657\/revisions"}],"predecessor-version":[{"id":79419,"href":"https:\/\/www.cinemaup.com.br\/en\/wp-json\/wp\/v2\/pages\/77657\/revisions\/79419"}],"wp:featuredmedia":[{"embeddable":true,"href":"https:\/\/www.cinemaup.com.br\/en\/wp-json\/wp\/v2\/media\/77659"}],"wp:attachment":[{"href":"https:\/\/www.cinemaup.com.br\/en\/wp-json\/wp\/v2\/media?parent=77657"}],"curies":[{"name":"wp","href":"https:\/\/api.w.org\/{rel}","templated":true}]}}